{"id":404,"date":"2019-04-08T18:41:22","date_gmt":"2019-04-08T16:41:22","guid":{"rendered":"http:\/\/preprod.econn-social.org\/besuch\/"},"modified":"2021-06-20T15:21:54","modified_gmt":"2021-06-20T13:21:54","slug":"besuch","status":"publish","type":"page","link":"https:\/\/www.villafreischuetz.org\/it\/besuch\/","title":{"rendered":"Visita"},"content":{"rendered":"\n<h2 class=\"has-text-align-center wp-block-heading\"><strong>Informazioni<\/strong><\/h2>\n\n\n\n<p><br><\/p>\n\n\n\n<h4 class=\"wp-block-heading\"><strong>Orario d\u2019apertura<\/strong><\/h4>\n\n\n\n<blockquote class=\"wp-block-quote is-layout-flow wp-block-quote-is-layout-flow\"><p>Luned\u00ec \u2013 Venerd\u00ec: ore 14:00 \u2013 18:00 <br>Sabato: ore 10:00 \u2013 13:00<br>Domenica chiuso <\/p><\/blockquote>\n\n\n\n<h4 class=\"wp-block-heading\"><br><\/h4>\n\n\n\n<p><\/p>\n\n\n\n<h4 class=\"wp-block-heading\"><strong> Ingresso <\/strong><\/h4>\n\n\n\n<ul class=\"wp-block-list\"><li>Intero: 10,- \u20ac<\/li><li>Ridotto  (senior 65+, bambini fino ai 18 anni, studenti, portatori di handicap): 8,- \u20ac<\/li><li>Guide al 2\u00b0 piano: 10,- \u20ac \/ ridotto 8,- \u20ac<\/li><\/ul>\n\n\n\n<p class=\"has-text-align-right\">L\u2019esposizione non \u00e8 adatta ai bambini piccoli. Confidiamo nella vostra comprensione. <br><\/p>\n\n\n\n<p>Possono essere visitati gli ambienti al <strong>primo piano<\/strong>. <br><br>Gli ambienti al <strong>secondo piano<\/strong> possono essere visitati  solo con la guida. Le guide sono disponibili per piccoli gruppi e previa  prenotazione. Gli ambienti non sono liberamente accessibili a causa  delle condizioni strutturali e per proteggere gli oggetti  particolarmente sensibili. La guida, in tedesco o italiano,  costa 10,- \u20ac\/8,- \u20ac a persona e dura 1,5 h. <\/p>\n\n\n\n<p><br><\/p>\n\n\n\n<h4 class=\"wp-block-heading\"><strong>Cosa vi aspetta:<\/strong><\/h4>\n\n\n\n<p>Al primo piano conoscerete gli inquilini storici, maschili e femminili, di <\/p>\n\n\n\n<ul class=\"wp-block-list\"><li>Primo piano: le due sale espositive affrontano le storie e le vite degli ex abitanti della villa negli anni 1922-1941. \u00c8 possibile visitare lo studio e i due saloni della famiglia Fromm.<\/li><li>Secondo piano: questo \u00e8 il piano in cui Rosamaria Navarini ha vissuto da sola dal 1978 al 2013. Sono esposti mobili, opere d\u2019arte e oggetti d\u2019uso quotidiano. Vi daremo il benvenuto in un salone e racconteremo la storia della casa e della famiglia, mostrandovi oggetti selezionati.<\/li><\/ul>\n\n\n\n<p>Se foste interessati a una visita guidata al di fuori degli orari d\u2019apertura contattateci via <a href=\"tel:+393394321283\">telefono<\/a> o <a href=\"mailto:info@villafreischuetz.org\">mail<\/a>. <br><\/p>\n\n\n\n<p>Ulteriori informazioni e prenotazioni delle visite guidate:<strong><br><\/strong><a href=\"tel:+390473425149\"><strong>Tel. +39 0473 42 51 49<\/strong><\/a><strong><br><\/strong><a href=\"tel:+393394321283\"><strong>Cell.: +39 339 43 21 283<\/strong><\/a><strong><br>E-Mail: <\/strong><a href=\"mailto:info@villafreischuetz.org\"><strong>info@villafreischuetz.org<\/strong><\/a><br><strong>E-Mail fondazione: <\/strong><a href=\"mailto:info@fondnavug.org\"><strong>info@fondnavug.org<\/strong><\/a><\/p>\n\n\n\n<p><br><\/p>\n\n\n\n<h4 class=\"wp-block-heading\"><strong>\u201cGiardino del silenzio attivo\u201c <\/strong><\/h4>\n\n\n\n<p>Vogliamo preservare il carattere selvaggio del giardino. Per questo lo abbiamo disboscato con riguardo. Durante l\u2019orario d\u2019apertura i nostri ospiti possono volentieri sostarvi.&nbsp; <br><br>Accesso al giardino a proprio rischio!<\/p>\n\n\n\n<p><br><\/p>\n\n\n\n<h4 class=\"wp-block-heading\"><strong>Informazioni sull&#8217;accessibilit\u00e0<\/strong><\/h4>\n\n\n\n<p>Per motivi di sicurezza (norme antincendio), le persone con mobilit\u00e0 ridotta o in sedia a rotelle possono visitare Villa Freisch\u00fctz solo in compagnia di un nostro accompagnatore. \u00c8 perci\u00f2 necessario annunciare la propria visita.<\/p>\n\n\n\n<ul class=\"wp-block-list\"><li>Un ascensore collega entrambi i piani dell\u2019esposizione. Un sentiero di ghiaia conduce al museo.<\/li><li>Disponiamo di un bagno per disabili.<\/li><li>Villa Freisch\u00fctz \u00e8 una casa storica e, in quanto tale, purtroppo serba alcune barriere sotto forma di soglie. Tenteremo di rendere l\u2019accesso a tutti i nostri visitatori il pi\u00f9 facile possibile. <\/li><\/ul>\n\n\n\n<p><br><\/p>\n\n\n\n<h4 class=\"wp-block-heading\"><strong>Come raggiungerci<\/strong><\/h4>\n\n\n\n<figure class=\"wp-block-image\"><img loading=\"lazy\" decoding=\"async\" width=\"1024\" height=\"680\" src=\"https:\/\/villafreischuetz.org\/wp-content\/uploads\/2019\/04\/Villa-Freischuetz-mappa-come-raggiungerci-1024x680.jpg\" alt=\"Come raggiungere il Museo Villa Freisch\u00fctz di Merano\" class=\"wp-image-776\" srcset=\"https:\/\/www.villafreischuetz.org\/wp-content\/uploads\/2019\/04\/Villa-Freischuetz-mappa-come-raggiungerci-1024x680.jpg 1024w, https:\/\/www.villafreischuetz.org\/wp-content\/uploads\/2019\/04\/Villa-Freischuetz-mappa-come-raggiungerci-300x199.jpg 300w, https:\/\/www.villafreischuetz.org\/wp-content\/uploads\/2019\/04\/Villa-Freischuetz-mappa-come-raggiungerci-768x510.jpg 768w, https:\/\/www.villafreischuetz.org\/wp-content\/uploads\/2019\/04\/Villa-Freischuetz-mappa-come-raggiungerci.jpg 1200w\" sizes=\"auto, (max-width: 1024px) 100vw, 1024px\" \/><\/figure>\n\n\n\n<p>In macchina tramite l\u2019accesso privato da via Belvedere 8. <br><br>I posti macchina sono limitati. Il parcheggio sotterraneo di piazza Fontana dista 5 minuti a piedi lungo via Priami. <br><br>A piedi e in bicicletta \u00e8 possibile arrivare anche da via Priami 7.<br><br>Dalla stazione centrale con le linee urbane 1\/1A\/1B in direzione Merano 2000\/Giardino Botanico di Trauttmansdorff fino alla fermata di piazza Fontana (accesso da via Priami) o la linea urbana 3 in direzione via Virgilio fino alla fermata dell\u2019asilo di Maia Alta (accesso da via Belvedere).<\/p>\n\n\n\n<p><br><\/p>\n\n\n\n<h4 class=\"wp-block-heading\"><strong>Indirizzo<\/strong><\/h4>\n\n\n\n<p>Villa Freisch\u00fctz<br>Via Priami 7<br>39012 Merano<\/p>\n","protected":false},"excerpt":{"rendered":"<p>Informazioni Orario d\u2019apertura Luned\u00ec \u2013 Venerd\u00ec: ore 14:00 \u2013 18:00 Sabato: ore 10:00 \u2013 13:00Domenica chiuso Ingresso Intero: 10,- \u20ac Ridotto (senior 65+, bambini fino ai 18 anni, studenti, portatori di handicap): 8,- \u20ac Guide al 2\u00b0 piano: 10,- \u20ac \/ ridotto 8,- \u20ac L\u2019esposizione non \u00e8 adatta ai bambini piccoli. Confidiamo nella vostra comprensione. [&hellip;]<\/p>\n","protected":false},"author":3,"featured_media":0,"parent":0,"menu_order":0,"comment_status":"closed","ping_status":"closed","template":"","meta":{"footnotes":""},"class_list":["post-404","page","type-page","status-publish","hentry"],"yoast_head":"<!-- This site is optimized with the Yoast SEO plugin v27.3 - https:\/\/yoast.com\/product\/yoast-seo-wordpress\/ -->\n<title>Visita - Villa Freisch\u00fctz<\/title>\n<meta name=\"robots\" content=\"index, follow, max-snippet:-1, max-image-preview:large, max-video-preview:-1\" \/>\n<link rel=\"canonical\" href=\"https:\/\/www.villafreischuetz.org\/it\/besuch\/\" \/>\n<meta name=\"twitter:label1\" content=\"Est. reading time\" \/>\n\t<meta name=\"twitter:data1\" content=\"3 minutes\" \/>\n<script type=\"application\/ld+json\" class=\"yoast-schema-graph\">{\"@context\":\"https:\\\/\\\/schema.org\",\"@graph\":[{\"@type\":\"WebPage\",\"@id\":\"https:\\\/\\\/www.villafreischuetz.org\\\/it\\\/besuch\\\/\",\"url\":\"https:\\\/\\\/www.villafreischuetz.org\\\/it\\\/besuch\\\/\",\"name\":\"Visita - Villa Freisch\u00fctz\",\"isPartOf\":{\"@id\":\"https:\\\/\\\/www.villafreischuetz.org\\\/#website\"},\"primaryImageOfPage\":{\"@id\":\"https:\\\/\\\/www.villafreischuetz.org\\\/it\\\/besuch\\\/#primaryimage\"},\"image\":{\"@id\":\"https:\\\/\\\/www.villafreischuetz.org\\\/it\\\/besuch\\\/#primaryimage\"},\"thumbnailUrl\":\"https:\\\/\\\/villafreischuetz.org\\\/wp-content\\\/uploads\\\/2019\\\/04\\\/Villa-Freischuetz-mappa-come-raggiungerci-1024x680.jpg\",\"datePublished\":\"2019-04-08T16:41:22+00:00\",\"dateModified\":\"2021-06-20T13:21:54+00:00\",\"breadcrumb\":{\"@id\":\"https:\\\/\\\/www.villafreischuetz.org\\\/it\\\/besuch\\\/#breadcrumb\"},\"inLanguage\":\"it-IT\",\"potentialAction\":[{\"@type\":\"ReadAction\",\"target\":[\"https:\\\/\\\/www.villafreischuetz.org\\\/it\\\/besuch\\\/\"]}]},{\"@type\":\"ImageObject\",\"inLanguage\":\"it-IT\",\"@id\":\"https:\\\/\\\/www.villafreischuetz.org\\\/it\\\/besuch\\\/#primaryimage\",\"url\":\"https:\\\/\\\/villafreischuetz.org\\\/wp-content\\\/uploads\\\/2019\\\/04\\\/Villa-Freischuetz-mappa-come-raggiungerci-1024x680.jpg\",\"contentUrl\":\"https:\\\/\\\/villafreischuetz.org\\\/wp-content\\\/uploads\\\/2019\\\/04\\\/Villa-Freischuetz-mappa-come-raggiungerci-1024x680.jpg\"},{\"@type\":\"BreadcrumbList\",\"@id\":\"https:\\\/\\\/www.villafreischuetz.org\\\/it\\\/besuch\\\/#breadcrumb\",\"itemListElement\":[{\"@type\":\"ListItem\",\"position\":1,\"name\":\"Startseite\",\"item\":\"https:\\\/\\\/www.villafreischuetz.org\\\/\"},{\"@type\":\"ListItem\",\"position\":2,\"name\":\"Visita\"}]},{\"@type\":\"WebSite\",\"@id\":\"https:\\\/\\\/www.villafreischuetz.org\\\/#website\",\"url\":\"https:\\\/\\\/www.villafreischuetz.org\\\/\",\"name\":\"Villa Freisch\u00fctz\",\"description\":\"Hausmuseum\",\"potentialAction\":[{\"@type\":\"SearchAction\",\"target\":{\"@type\":\"EntryPoint\",\"urlTemplate\":\"https:\\\/\\\/www.villafreischuetz.org\\\/?s={search_term_string}\"},\"query-input\":{\"@type\":\"PropertyValueSpecification\",\"valueRequired\":true,\"valueName\":\"search_term_string\"}}],\"inLanguage\":\"it-IT\"}]}<\/script>\n<!-- \/ Yoast SEO plugin. -->","yoast_head_json":{"title":"Visita - Villa Freisch\u00fctz","robots":{"index":"index","follow":"follow","max-snippet":"max-snippet:-1","max-image-preview":"max-image-preview:large","max-video-preview":"max-video-preview:-1"},"canonical":"https:\/\/www.villafreischuetz.org\/it\/besuch\/","twitter_misc":{"Est. reading time":"3 minutes"},"schema":{"@context":"https:\/\/schema.org","@graph":[{"@type":"WebPage","@id":"https:\/\/www.villafreischuetz.org\/it\/besuch\/","url":"https:\/\/www.villafreischuetz.org\/it\/besuch\/","name":"Visita - Villa Freisch\u00fctz","isPartOf":{"@id":"https:\/\/www.villafreischuetz.org\/#website"},"primaryImageOfPage":{"@id":"https:\/\/www.villafreischuetz.org\/it\/besuch\/#primaryimage"},"image":{"@id":"https:\/\/www.villafreischuetz.org\/it\/besuch\/#primaryimage"},"thumbnailUrl":"https:\/\/villafreischuetz.org\/wp-content\/uploads\/2019\/04\/Villa-Freischuetz-mappa-come-raggiungerci-1024x680.jpg","datePublished":"2019-04-08T16:41:22+00:00","dateModified":"2021-06-20T13:21:54+00:00","breadcrumb":{"@id":"https:\/\/www.villafreischuetz.org\/it\/besuch\/#breadcrumb"},"inLanguage":"it-IT","potentialAction":[{"@type":"ReadAction","target":["https:\/\/www.villafreischuetz.org\/it\/besuch\/"]}]},{"@type":"ImageObject","inLanguage":"it-IT","@id":"https:\/\/www.villafreischuetz.org\/it\/besuch\/#primaryimage","url":"https:\/\/villafreischuetz.org\/wp-content\/uploads\/2019\/04\/Villa-Freischuetz-mappa-come-raggiungerci-1024x680.jpg","contentUrl":"https:\/\/villafreischuetz.org\/wp-content\/uploads\/2019\/04\/Villa-Freischuetz-mappa-come-raggiungerci-1024x680.jpg"},{"@type":"BreadcrumbList","@id":"https:\/\/www.villafreischuetz.org\/it\/besuch\/#breadcrumb","itemListElement":[{"@type":"ListItem","position":1,"name":"Startseite","item":"https:\/\/www.villafreischuetz.org\/"},{"@type":"ListItem","position":2,"name":"Visita"}]},{"@type":"WebSite","@id":"https:\/\/www.villafreischuetz.org\/#website","url":"https:\/\/www.villafreischuetz.org\/","name":"Villa Freisch\u00fctz","description":"Hausmuseum","potentialAction":[{"@type":"SearchAction","target":{"@type":"EntryPoint","urlTemplate":"https:\/\/www.villafreischuetz.org\/?s={search_term_string}"},"query-input":{"@type":"PropertyValueSpecification","valueRequired":true,"valueName":"search_term_string"}}],"inLanguage":"it-IT"}]}},"_links":{"self":[{"href":"https:\/\/www.villafreischuetz.org\/it\/wp-json\/wp\/v2\/pages\/404","targetHints":{"allow":["GET"]}}],"collection":[{"href":"https:\/\/www.villafreischuetz.org\/it\/wp-json\/wp\/v2\/pages"}],"about":[{"href":"https:\/\/www.villafreischuetz.org\/it\/wp-json\/wp\/v2\/types\/page"}],"author":[{"embeddable":true,"href":"https:\/\/www.villafreischuetz.org\/it\/wp-json\/wp\/v2\/users\/3"}],"replies":[{"embeddable":true,"href":"https:\/\/www.villafreischuetz.org\/it\/wp-json\/wp\/v2\/comments?post=404"}],"version-history":[{"count":10,"href":"https:\/\/www.villafreischuetz.org\/it\/wp-json\/wp\/v2\/pages\/404\/revisions"}],"predecessor-version":[{"id":22093,"href":"https:\/\/www.villafreischuetz.org\/it\/wp-json\/wp\/v2\/pages\/404\/revisions\/22093"}],"wp:attachment":[{"href":"https:\/\/www.villafreischuetz.org\/it\/wp-json\/wp\/v2\/media?parent=404"}],"curies":[{"name":"wp","href":"https:\/\/api.w.org\/{rel}","templated":true}]}}