{"id":841,"date":"2019-04-16T18:07:50","date_gmt":"2019-04-16T16:07:50","guid":{"rendered":"http:\/\/preprod.econn-social.org\/?page_id=841"},"modified":"2023-08-21T11:01:08","modified_gmt":"2023-08-21T09:01:08","slug":"privacy","status":"publish","type":"page","link":"https:\/\/www.villafreischuetz.org\/en\/privacy\/","title":{"rendered":"Privacy"},"content":{"rendered":"\n<p>Diese Mitteilung erfolgt im Sinne des Art. 13 des Legislativdekretes Nr. 196\/2003 (Datenschutzkodex) und auf Grundlage der EU-Datenschutzgrundverordnung Nr. 679\/2016 und bezieht sich auch auf die am 17. Mai 2001 von der Datenschutzgruppe laut Art. 29 der Richtlinie Nr. 95\/46\/EG erlassenen Empfehlung Nr. 2\/2001 betreffend die Mindestanforderungen f\u00fcr die Online-Erhebung personenbezogener Daten in der Europ\u00e4ischen Union.<\/p>\n\n\n\n<p>Sie beschreibt, wie diese Website <a href=\"https:\/\/www.villafreischuetz.org\/\">https:\/\/www.villafreischuetz.org<\/a> mit den personenbezogenen Daten der \u2013 identifizierten oder identifizierbaren \u2013 Benutzer umgeht, die auf die Website zugreifen oder mit der Website interagieren. <\/p>\n\n\n\n<p>Im Besonderen wird hiermit festgelegt, welche Informationen die Rechtsinhaber der Datenverarbeitung den Personen, die \u2013 zu welchem Zweck auch immer \u2013 auf eine Webseite zugreifen, bieten m\u00fcssen sowie wie und wann diese Mitteilung erfolgen muss. Diese Information gilt ausschlie\u00dflich f\u00fcr die Website <a href=\"https:\/\/www.villafreischuetz.org\">https:\/\/www.villafreischuetz.org<\/a>. Sie gilt nicht f\u00fcr sonstige externe Webseiten, die eventuell \u00fcber eine Verlinkung auf dieser Website zu erreichen sind.<\/p>\n\n\n\n<p><br><\/p>\n\n\n\n<h4 class=\"wp-block-heading\"><strong>Rechtsinhaber der Datenverarbeitung<\/strong><\/h4>\n\n\n\n<p>Rechtsinhaber der Datenverarbeitung ist die Stiftung Navarini-Ugarte ETS, Priamiweg Nr. 7, 39012 Meran (BZ).<\/p>\n\n\n\n<p><br><\/p>\n\n\n\n<h4 class=\"wp-block-heading\"><strong>Ort der Datenverarbeitung<\/strong><\/h4>\n\n\n\n<p>Die mit den Web-Dienstleistungen dieser Website zusammenh\u00e4ngende Datenverarbeitung erfolgt am Sitz der oben genannten Verantwortlichen und wird nur vom technischen Personal der mit der Datenverarbeitung beauftragten Stelle oder von eventuell mit gelegentlicher Wartungsarbeit beauftragten Personen vorgenommen. Keine aus den Web-Dienstleistungen gewonnenen Daten werden \u2013 mit Ausnahme der gesetzlich vorgesehen F\u00e4lle \u2013 an Dritte mitgeteilt oder verbreitet. Die von den Benutzern gelieferten personenbezogenen Daten werden nur f\u00fcr die Ausf\u00fchrung der gew\u00fcnschten Leistung gem\u00e4\u00df der ausdr\u00fccklich festgelegten Zweckbestimmung der Datenverarbeitung verwendet und werden Dritten nur dann mitgeteilt, wenn dies f\u00fcr den angegebenen Zweck erforderlich ist.<\/p>\n\n\n\n<p><br><\/p>\n\n\n\n<h4 class=\"wp-block-heading\"><strong>Art der verarbeiteten Daten<\/strong><\/h4>\n\n\n\n<h4 class=\"wp-block-heading\">Navigationsdaten<\/h4>\n\n\n\n<p>Navigationsdaten \u2013 Die f\u00fcr die Funktion dieser Website ben\u00f6tigten Softwaresysteme und -prozeduren erfassen w\u00e4hrend des normalen Betriebs bestimmte personenbezogene Daten, deren \u00dcbertragung f\u00fcr die Anwendung der Internet-Kommunikationsprotokolle erforderlich ist. Solche Informationen werden nicht erfasst, um sie identifizierten Personen zuzuordnen, k\u00f6nnten jedoch wegen ihrer Beschaffenheit durch Verarbeitung und Verkn\u00fcpfung mit Daten im Besitz von Dritten eine Identifizierung der Benutzer erm\u00f6glichen. Zu dieser Datenkategorie geh\u00f6ren die IP-Adressen oder Domain-Namen der Computer, die von den Besuchern f\u00fcr die Verbindung zur Website benutzt werden, die URI (Uniform Resource Identifier)-Adressen der angeforderten Ressourcen, die Zeit der Anforderung, die zur \u00dcbermittlung der Anforderung an den Server benutzte Methode, die Gr\u00f6\u00dfe der als Antwort erhaltenen Datei, der den Status der vom Server gegebenen Antwort kennzeichnende numerische Code (erfolgreich, Fehler usw.) und sonstige Parameter, die sich auf das Betriebssystem und die Computer-Konfiguration des Benutzers beziehen.<br><br>Diese Daten werden nur f\u00fcr Zwecke anonymer statistischer Datenerfassung \u00fcber die Benutzung der Website sowie f\u00fcr die \u00dcberpr\u00fcfung deren korrekter Funktion verwendet und werden nur f\u00fcr die dazu erforderliche Zeit aufbewahrt. Die Daten k\u00f6nnen zur Feststellung einer Haftung im Falle eventueller IT-Delikte zum Schaden unserer Website benutzt werden.<\/p>\n\n\n\n<h4 class=\"wp-block-heading\">Vom Benutzer freiwillig gelieferte Daten<\/h4>\n\n\n\n<p>Das ausdr\u00fcckliche und freiwillige Versenden von elektronischer Post an die in dieser Website angegebenen Adressen bedingt die Erfassung der Adresse des Absenders, die zur Beantwortung der Anfragen notwendig ist, sowie allf\u00e4lliger personenbezogener Daten, die in der Mitteilung enthalten sind.<br><br>Spezifische&nbsp;Mitteilungen und Einwilligungen sind auf den Webseiten angezeigt, die sich auf die speziellen angeforderten Dienste beziehen.<\/p>\n\n\n\n<p><br><\/p>\n\n\n\n<p><\/p>\n\n\n\n<h4 class=\"wp-block-heading\"><strong>Cookies<\/strong><\/h4>\n\n\n\n<p>Diesbez\u00fcglich erfasst die Website keinerlei personenbezogene Daten \u00fcber die Benutzer. Es werden keine Cookies f\u00fcr die \u00dcbertragung von Informationen pers\u00f6nlicher Art verwendet.<br><br>Der Einsatz von sogenannten Session-Cookies oder Sitzungscookies (die nicht dauerhaft auf dem Computer des Besuchers gespeichert und mit dem Schlie\u00dfen des Browsers gel\u00f6scht werden) ist streng auf die \u00dcbertragung von Sitzungskennungen (bestehend aus vom Server generierten Zufallszahlen) beschr\u00e4nkt, die das sichere und effiziente Navigieren innerhalb der Website erm\u00f6glichen.<br><br>Mit den auf dieser Website verwendeten sogenannten Session-Cookies wird die Verwendung anderer IT-Techniken vermieden, die f\u00fcr die Besucher nachteilige Effekte f\u00fcr die Vertraulichkeit beim Navigieren haben k\u00f6nnten. Die Erfassung von personenbezogenen Daten, mit denen der Besucher identifiziert werden kann, ist jedenfalls ausgeschlossen.<\/p>\n\n\n\n<p><br><\/p>\n\n\n\n<p><\/p>\n\n\n\n<h4 class=\"wp-block-heading\"><strong>Modalit\u00e4ten der Datenverarbeitung<\/strong><\/h4>\n\n\n\n<p>Die personenbezogenen Daten werden mit automatisierten Mitteln verarbeitet, und zwar nur f\u00fcr die Zeit, die f\u00fcr die Zwecke, f\u00fcr die sie eingeholt wurden, unbedingt notwendig ist. Spezielle Sicherheitsma\u00dfnahmen werden befolgt, um einem Datenverlust, einer unrechtm\u00e4\u00dfigen oder ungeeigneten Verwendung oder einem nicht genehmigten Zugriff vorzubeugen.<\/p>\n\n\n\n<p><br><\/p>\n\n\n\n<p><\/p>\n\n\n\n<h4 class=\"wp-block-heading\"><strong>Rechte der Betroffenen<\/strong><\/h4>\n\n\n\n<p>Die Personen, auf die sich die personenbezogenen Daten beziehen, haben das Recht, jederzeit eine Best\u00e4tigung \u00fcber das Vorhandensein oder Nichtvorhandensein dieser Daten zu erhalten, ihren Inhalt und Herkunft zu erfahren, ihre \u00dcbereinstimmung mit den tats\u00e4chlichen Verh\u00e4ltnissen zu pr\u00fcfen oder deren Erg\u00e4nzung, Aktualisierung oder Richtigstellung zu verlangen (Art. 7, Legislativdekret Nr. 196\/2003).<br><br>Nach demselben Artikel haben sie das Recht, die L\u00f6schung, die Umwandlung in eine anonymisierte Form oder die Sperrung der widerrechtlich verarbeiteten Daten zu verlangen sowie sich in jedem Falle aus berechtigten Gr\u00fcnden deren Verarbeitung zu widersetzen.<\/p>\n","protected":false},"excerpt":{"rendered":"<p>Diese Mitteilung erfolgt im Sinne des Art. 13 des Legislativdekretes Nr. 196\/2003 (Datenschutzkodex) und auf Grundlage der EU-Datenschutzgrundverordnung Nr. 679\/2016 und bezieht sich auch auf die am 17. Mai 2001 von der Datenschutzgruppe laut Art. 29 der Richtlinie Nr. 95\/46\/EG erlassenen Empfehlung Nr. 2\/2001 betreffend die Mindestanforderungen f\u00fcr die Online-Erhebung personenbezogener Daten in der Europ\u00e4ischen [&hellip;]<\/p>\n","protected":false},"author":3,"featured_media":0,"parent":0,"menu_order":0,"comment_status":"closed","ping_status":"open","template":"","meta":{"footnotes":""},"class_list":["post-841","page","type-page","status-publish","hentry"],"yoast_head":"<!-- This site is optimized with the Yoast SEO plugin v27.4 - https:\/\/yoast.com\/product\/yoast-seo-wordpress\/ -->\n<title>Privacy - Villa Freisch\u00fctz<\/title>\n<meta name=\"robots\" content=\"index, follow, max-snippet:-1, max-image-preview:large, max-video-preview:-1\" \/>\n<link rel=\"canonical\" href=\"https:\/\/www.villafreischuetz.org\/en\/privacy\/\" \/>\n<meta name=\"twitter:label1\" content=\"Est. reading time\" \/>\n\t<meta name=\"twitter:data1\" content=\"5 minutes\" \/>\n<script type=\"application\/ld+json\" class=\"yoast-schema-graph\">{\"@context\":\"https:\\\/\\\/schema.org\",\"@graph\":[{\"@type\":\"WebPage\",\"@id\":\"https:\\\/\\\/www.villafreischuetz.org\\\/en\\\/privacy\\\/\",\"url\":\"https:\\\/\\\/www.villafreischuetz.org\\\/en\\\/privacy\\\/\",\"name\":\"Privacy - Villa Freisch\u00fctz\",\"isPartOf\":{\"@id\":\"https:\\\/\\\/www.villafreischuetz.org\\\/#website\"},\"datePublished\":\"2019-04-16T16:07:50+00:00\",\"dateModified\":\"2023-08-21T09:01:08+00:00\",\"breadcrumb\":{\"@id\":\"https:\\\/\\\/www.villafreischuetz.org\\\/en\\\/privacy\\\/#breadcrumb\"},\"inLanguage\":\"en-US\",\"potentialAction\":[{\"@type\":\"ReadAction\",\"target\":[\"https:\\\/\\\/www.villafreischuetz.org\\\/en\\\/privacy\\\/\"]}]},{\"@type\":\"BreadcrumbList\",\"@id\":\"https:\\\/\\\/www.villafreischuetz.org\\\/en\\\/privacy\\\/#breadcrumb\",\"itemListElement\":[{\"@type\":\"ListItem\",\"position\":1,\"name\":\"Startseite\",\"item\":\"https:\\\/\\\/www.villafreischuetz.org\\\/\"},{\"@type\":\"ListItem\",\"position\":2,\"name\":\"Privacy\"}]},{\"@type\":\"WebSite\",\"@id\":\"https:\\\/\\\/www.villafreischuetz.org\\\/#website\",\"url\":\"https:\\\/\\\/www.villafreischuetz.org\\\/\",\"name\":\"Villa Freisch\u00fctz\",\"description\":\"Hausmuseum\",\"potentialAction\":[{\"@type\":\"SearchAction\",\"target\":{\"@type\":\"EntryPoint\",\"urlTemplate\":\"https:\\\/\\\/www.villafreischuetz.org\\\/?s={search_term_string}\"},\"query-input\":{\"@type\":\"PropertyValueSpecification\",\"valueRequired\":true,\"valueName\":\"search_term_string\"}}],\"inLanguage\":\"en-US\"}]}<\/script>\n<!-- \/ Yoast SEO plugin. -->","yoast_head_json":{"title":"Privacy - Villa Freisch\u00fctz","robots":{"index":"index","follow":"follow","max-snippet":"max-snippet:-1","max-image-preview":"max-image-preview:large","max-video-preview":"max-video-preview:-1"},"canonical":"https:\/\/www.villafreischuetz.org\/en\/privacy\/","twitter_misc":{"Est. reading time":"5 minutes"},"schema":{"@context":"https:\/\/schema.org","@graph":[{"@type":"WebPage","@id":"https:\/\/www.villafreischuetz.org\/en\/privacy\/","url":"https:\/\/www.villafreischuetz.org\/en\/privacy\/","name":"Privacy - Villa Freisch\u00fctz","isPartOf":{"@id":"https:\/\/www.villafreischuetz.org\/#website"},"datePublished":"2019-04-16T16:07:50+00:00","dateModified":"2023-08-21T09:01:08+00:00","breadcrumb":{"@id":"https:\/\/www.villafreischuetz.org\/en\/privacy\/#breadcrumb"},"inLanguage":"en-US","potentialAction":[{"@type":"ReadAction","target":["https:\/\/www.villafreischuetz.org\/en\/privacy\/"]}]},{"@type":"BreadcrumbList","@id":"https:\/\/www.villafreischuetz.org\/en\/privacy\/#breadcrumb","itemListElement":[{"@type":"ListItem","position":1,"name":"Startseite","item":"https:\/\/www.villafreischuetz.org\/"},{"@type":"ListItem","position":2,"name":"Privacy"}]},{"@type":"WebSite","@id":"https:\/\/www.villafreischuetz.org\/#website","url":"https:\/\/www.villafreischuetz.org\/","name":"Villa Freisch\u00fctz","description":"Hausmuseum","potentialAction":[{"@type":"SearchAction","target":{"@type":"EntryPoint","urlTemplate":"https:\/\/www.villafreischuetz.org\/?s={search_term_string}"},"query-input":{"@type":"PropertyValueSpecification","valueRequired":true,"valueName":"search_term_string"}}],"inLanguage":"en-US"}]}},"_links":{"self":[{"href":"https:\/\/www.villafreischuetz.org\/en\/wp-json\/wp\/v2\/pages\/841","targetHints":{"allow":["GET"]}}],"collection":[{"href":"https:\/\/www.villafreischuetz.org\/en\/wp-json\/wp\/v2\/pages"}],"about":[{"href":"https:\/\/www.villafreischuetz.org\/en\/wp-json\/wp\/v2\/types\/page"}],"author":[{"embeddable":true,"href":"https:\/\/www.villafreischuetz.org\/en\/wp-json\/wp\/v2\/users\/3"}],"replies":[{"embeddable":true,"href":"https:\/\/www.villafreischuetz.org\/en\/wp-json\/wp\/v2\/comments?post=841"}],"version-history":[{"count":2,"href":"https:\/\/www.villafreischuetz.org\/en\/wp-json\/wp\/v2\/pages\/841\/revisions"}],"predecessor-version":[{"id":29403,"href":"https:\/\/www.villafreischuetz.org\/en\/wp-json\/wp\/v2\/pages\/841\/revisions\/29403"}],"wp:attachment":[{"href":"https:\/\/www.villafreischuetz.org\/en\/wp-json\/wp\/v2\/media?parent=841"}],"curies":[{"name":"wp","href":"https:\/\/api.w.org\/{rel}","templated":true}]}}