{"id":403,"date":"2019-04-08T18:41:22","date_gmt":"2019-04-08T16:41:22","guid":{"rendered":"http:\/\/preprod.econn-social.org\/besuch\/"},"modified":"2021-06-20T15:22:50","modified_gmt":"2021-06-20T13:22:50","slug":"besuch","status":"publish","type":"page","link":"https:\/\/www.villafreischuetz.org\/en\/besuch\/","title":{"rendered":"Visit"},"content":{"rendered":"\n<h2 class=\"has-text-align-center wp-block-heading\"><strong>Information<\/strong><\/h2>\n\n\n\n<p><br><\/p>\n\n\n\n<h4 class=\"wp-block-heading\">Opening hours<\/h4>\n\n\n\n<blockquote class=\"wp-block-quote is-layout-flow wp-block-quote-is-layout-flow\"><p> Monday \u2013 Friday: 2 pm \u2013 6 pm <br> Saturday: 10 am \u2013 1 pm<br> Sunday closed <\/p><cite><br><\/cite><\/blockquote>\n\n\n\n<h4 class=\"wp-block-heading\"><\/h4>\n\n\n\n<p><\/p>\n\n\n\n<h4 class=\"wp-block-heading\">Admission<\/h4>\n\n\n\n<ul class=\"wp-block-list\"><li>Adults: 10,- \u20ac<\/li><li> Concessions (seniors over 65, children under 18, students, disabled persons): 8,- \u20ac <\/li><li>2nd floor guided tour (only in German or Italian): 10,- \u20ac \/ 8,- \u20ac <\/li><\/ul>\n\n\n\n<p class=\"has-text-align-center\">We regret that the exhibition is not suited for small children. <\/p>\n\n\n\n<p>You can visit the rooms on the <strong>first floor<\/strong>.  <br><br>You can visit the rooms on the <strong>second floor<\/strong> only with a guided tour. We only offer guided tours for small groups. Please book a tour in advance. Due to the construction of the villa and to protect sensitive objects you cannot visit the rooms on your own. A guided tour costs 10,- \u20ac or 8,- \u20ac per person, it lasts 1.5 hours and is in German or Italian.  <\/p>\n\n\n\n<p><br><\/p>\n\n\n\n<h4 class=\"wp-block-heading\"><strong>What to expect:<\/strong><\/h4>\n\n\n\n<ul class=\"wp-block-list\"><li>First floor: In two exhibition rooms you gain an insight into the biographies of the former inhabitants of the villa in the years 1922-1941 and you visit the study and the two drawing rooms of family Fromm. <\/li><li>Second floor: This floor is where Rosamaria Navarini lived alone from 1978 to 2013. Furniture, art and everyday objects are on display. We receive you like guest in a parlour. We tell the history of the villa and the family and show you selected objects. <\/li><\/ul>\n\n\n\n<p>If you like to go on a guided tour outside the opening times, please <a href=\"tel:+393394321283\">phone<\/a> us or send us an <a href=\"mailto:info@villafreischuetz.org\">e-mail<\/a>. <\/p>\n\n\n\n<p><strong>Further information and to book guided tours:<br><\/strong><a href=\"tel:+390473425149\"><strong>Phone +39 0473 42 51 49<\/strong><\/a><strong><br><\/strong><a href=\"tel:+393394321283\"><strong>Mobile: +39 339 43 21 283<\/strong><\/a><strong><br>E-mail: <\/strong><a href=\"mailto:info@villafreischuetz.org\"><strong>info@villafreischuetz.org<\/strong><\/a><br><strong>E-Mail foundation: <\/strong><a href=\"mailto:info@fondnavug.org\"><strong>info@fondnavug.org<\/strong><\/a><\/p>\n\n\n\n<p><br><\/p>\n\n\n\n<h4 class=\"wp-block-heading\"><strong>\u201cGarden of animated silence\u201d<\/strong><\/h4>\n\n\n\n<p>We want to preserve the wild character of the garden. So we only cleared it very gently. During opening times our visitors are welcome to visit the garden, too.<br><br>Enter the garden at your own risk!<\/p>\n\n\n\n<p><br><\/p>\n\n\n\n<h4 class=\"wp-block-heading\"><strong>Accessibility <\/strong><\/h4>\n\n\n\n<p>For fire safety reasons people with a walking disability and wheelchair users can visit Villa Freisch\u00fctz only in the company of a staff member. Please notify us in advance.&nbsp;&nbsp; <\/p>\n\n\n\n<ul class=\"wp-block-list\"><li>A lift leads to both floors of the museum. And a gravel walk leads to the museum.&nbsp; <\/li><li>The museum houses a toilet for the disabled. <\/li><li>As a historic villa Villa Freisch\u00fctz has literally many thresholds and bumps. We try to make access to the museum as easy as possible for all visitors. <\/li><\/ul>\n\n\n\n<p><br><\/p>\n\n\n\n<h4 class=\"wp-block-heading\">Directions<\/h4>\n\n\n\n<figure class=\"wp-block-image\"><img loading=\"lazy\" decoding=\"async\" width=\"1024\" height=\"680\" src=\"https:\/\/villafreischuetz.org\/wp-content\/uploads\/2019\/04\/Villa-Freischuetz-Stadtplan-Anfahrt-2-1024x680.jpg\" alt=\"Directions to Villa Freisch\u00fctz on old map of Merano\" class=\"wp-image-675\" srcset=\"https:\/\/www.villafreischuetz.org\/wp-content\/uploads\/2019\/04\/Villa-Freischuetz-Stadtplan-Anfahrt-2-1024x680.jpg 1024w, https:\/\/www.villafreischuetz.org\/wp-content\/uploads\/2019\/04\/Villa-Freischuetz-Stadtplan-Anfahrt-2-300x199.jpg 300w, https:\/\/www.villafreischuetz.org\/wp-content\/uploads\/2019\/04\/Villa-Freischuetz-Stadtplan-Anfahrt-2-768x510.jpg 768w, https:\/\/www.villafreischuetz.org\/wp-content\/uploads\/2019\/04\/Villa-Freischuetz-Stadtplan-Anfahrt-2.jpg 1200w\" sizes=\"auto, (max-width: 1024px) 100vw, 1024px\" \/><\/figure>\n\n\n\n<p>If you come by car, please use the private road and entrance via Sch\u00f6nblickstra\u00dfe 8. <br><br>There are only a few spaces on the car park. From the underground car park near Brunnenplatz it is a 5 minute walk via Priamiweg to the museum. <br><br>By bike and on foot you can also access the museum via Priamiweg 7.<br><br>Bus no. 1\/1A\/1B from Merano Central Station in the direction of &#8216;Meran 2000\/Botanischer Garten Trauttmansdor\ufb00&#8217; takes you to &#8216;Brunnenplatz&#8217; (access museum via Priamiweg). Bus no. 3 in the direction of &#8216;Vergilstra\u00dfe&#8217; takes you to &#8216;Kindergarten Obermais&#8217; (access museum via Sch\u00f6nblickstra\u00dfe).&nbsp;&nbsp;&nbsp;&nbsp; <\/p>\n\n\n\n<p><br><\/p>\n\n\n\n<h4 class=\"wp-block-heading\"><strong>Address<\/strong><\/h4>\n\n\n\n<p>Villa Freisch\u00fctz<br>Priamiweg 7<br>39012 Merano <\/p>\n","protected":false},"excerpt":{"rendered":"<p>Information Opening hours Monday \u2013 Friday: 2 pm \u2013 6 pm Saturday: 10 am \u2013 1 pm Sunday closed Admission Adults: 10,- \u20ac Concessions (seniors over 65, children under 18, students, disabled persons): 8,- \u20ac 2nd floor guided tour (only in German or Italian): 10,- \u20ac \/ 8,- \u20ac We regret that the exhibition is [&hellip;]<\/p>\n","protected":false},"author":3,"featured_media":0,"parent":0,"menu_order":0,"comment_status":"closed","ping_status":"closed","template":"","meta":{"footnotes":""},"class_list":["post-403","page","type-page","status-publish","hentry"],"yoast_head":"<!-- This site is optimized with the Yoast SEO plugin v27.5 - https:\/\/yoast.com\/product\/yoast-seo-wordpress\/ -->\n<title>Visit - Villa Freisch\u00fctz<\/title>\n<meta name=\"robots\" content=\"index, follow, max-snippet:-1, max-image-preview:large, max-video-preview:-1\" \/>\n<link rel=\"canonical\" href=\"https:\/\/www.villafreischuetz.org\/en\/besuch\/\" \/>\n<meta name=\"twitter:label1\" content=\"Est. reading time\" \/>\n\t<meta name=\"twitter:data1\" content=\"3 minutes\" \/>\n<script type=\"application\/ld+json\" class=\"yoast-schema-graph\">{\"@context\":\"https:\\\/\\\/schema.org\",\"@graph\":[{\"@type\":\"WebPage\",\"@id\":\"https:\\\/\\\/www.villafreischuetz.org\\\/en\\\/besuch\\\/\",\"url\":\"https:\\\/\\\/www.villafreischuetz.org\\\/en\\\/besuch\\\/\",\"name\":\"Visit - Villa Freisch\u00fctz\",\"isPartOf\":{\"@id\":\"https:\\\/\\\/www.villafreischuetz.org\\\/#website\"},\"primaryImageOfPage\":{\"@id\":\"https:\\\/\\\/www.villafreischuetz.org\\\/en\\\/besuch\\\/#primaryimage\"},\"image\":{\"@id\":\"https:\\\/\\\/www.villafreischuetz.org\\\/en\\\/besuch\\\/#primaryimage\"},\"thumbnailUrl\":\"https:\\\/\\\/villafreischuetz.org\\\/wp-content\\\/uploads\\\/2019\\\/04\\\/Villa-Freischuetz-Stadtplan-Anfahrt-2-1024x680.jpg\",\"datePublished\":\"2019-04-08T16:41:22+00:00\",\"dateModified\":\"2021-06-20T13:22:50+00:00\",\"breadcrumb\":{\"@id\":\"https:\\\/\\\/www.villafreischuetz.org\\\/en\\\/besuch\\\/#breadcrumb\"},\"inLanguage\":\"en-US\",\"potentialAction\":[{\"@type\":\"ReadAction\",\"target\":[\"https:\\\/\\\/www.villafreischuetz.org\\\/en\\\/besuch\\\/\"]}]},{\"@type\":\"ImageObject\",\"inLanguage\":\"en-US\",\"@id\":\"https:\\\/\\\/www.villafreischuetz.org\\\/en\\\/besuch\\\/#primaryimage\",\"url\":\"https:\\\/\\\/villafreischuetz.org\\\/wp-content\\\/uploads\\\/2019\\\/04\\\/Villa-Freischuetz-Stadtplan-Anfahrt-2-1024x680.jpg\",\"contentUrl\":\"https:\\\/\\\/villafreischuetz.org\\\/wp-content\\\/uploads\\\/2019\\\/04\\\/Villa-Freischuetz-Stadtplan-Anfahrt-2-1024x680.jpg\"},{\"@type\":\"BreadcrumbList\",\"@id\":\"https:\\\/\\\/www.villafreischuetz.org\\\/en\\\/besuch\\\/#breadcrumb\",\"itemListElement\":[{\"@type\":\"ListItem\",\"position\":1,\"name\":\"Startseite\",\"item\":\"https:\\\/\\\/www.villafreischuetz.org\\\/\"},{\"@type\":\"ListItem\",\"position\":2,\"name\":\"Visit\"}]},{\"@type\":\"WebSite\",\"@id\":\"https:\\\/\\\/www.villafreischuetz.org\\\/#website\",\"url\":\"https:\\\/\\\/www.villafreischuetz.org\\\/\",\"name\":\"Villa Freisch\u00fctz\",\"description\":\"Hausmuseum\",\"potentialAction\":[{\"@type\":\"SearchAction\",\"target\":{\"@type\":\"EntryPoint\",\"urlTemplate\":\"https:\\\/\\\/www.villafreischuetz.org\\\/?s={search_term_string}\"},\"query-input\":{\"@type\":\"PropertyValueSpecification\",\"valueRequired\":true,\"valueName\":\"search_term_string\"}}],\"inLanguage\":\"en-US\"}]}<\/script>\n<!-- \/ Yoast SEO plugin. -->","yoast_head_json":{"title":"Visit - Villa Freisch\u00fctz","robots":{"index":"index","follow":"follow","max-snippet":"max-snippet:-1","max-image-preview":"max-image-preview:large","max-video-preview":"max-video-preview:-1"},"canonical":"https:\/\/www.villafreischuetz.org\/en\/besuch\/","twitter_misc":{"Est. reading time":"3 minutes"},"schema":{"@context":"https:\/\/schema.org","@graph":[{"@type":"WebPage","@id":"https:\/\/www.villafreischuetz.org\/en\/besuch\/","url":"https:\/\/www.villafreischuetz.org\/en\/besuch\/","name":"Visit - Villa Freisch\u00fctz","isPartOf":{"@id":"https:\/\/www.villafreischuetz.org\/#website"},"primaryImageOfPage":{"@id":"https:\/\/www.villafreischuetz.org\/en\/besuch\/#primaryimage"},"image":{"@id":"https:\/\/www.villafreischuetz.org\/en\/besuch\/#primaryimage"},"thumbnailUrl":"https:\/\/villafreischuetz.org\/wp-content\/uploads\/2019\/04\/Villa-Freischuetz-Stadtplan-Anfahrt-2-1024x680.jpg","datePublished":"2019-04-08T16:41:22+00:00","dateModified":"2021-06-20T13:22:50+00:00","breadcrumb":{"@id":"https:\/\/www.villafreischuetz.org\/en\/besuch\/#breadcrumb"},"inLanguage":"en-US","potentialAction":[{"@type":"ReadAction","target":["https:\/\/www.villafreischuetz.org\/en\/besuch\/"]}]},{"@type":"ImageObject","inLanguage":"en-US","@id":"https:\/\/www.villafreischuetz.org\/en\/besuch\/#primaryimage","url":"https:\/\/villafreischuetz.org\/wp-content\/uploads\/2019\/04\/Villa-Freischuetz-Stadtplan-Anfahrt-2-1024x680.jpg","contentUrl":"https:\/\/villafreischuetz.org\/wp-content\/uploads\/2019\/04\/Villa-Freischuetz-Stadtplan-Anfahrt-2-1024x680.jpg"},{"@type":"BreadcrumbList","@id":"https:\/\/www.villafreischuetz.org\/en\/besuch\/#breadcrumb","itemListElement":[{"@type":"ListItem","position":1,"name":"Startseite","item":"https:\/\/www.villafreischuetz.org\/"},{"@type":"ListItem","position":2,"name":"Visit"}]},{"@type":"WebSite","@id":"https:\/\/www.villafreischuetz.org\/#website","url":"https:\/\/www.villafreischuetz.org\/","name":"Villa Freisch\u00fctz","description":"Hausmuseum","potentialAction":[{"@type":"SearchAction","target":{"@type":"EntryPoint","urlTemplate":"https:\/\/www.villafreischuetz.org\/?s={search_term_string}"},"query-input":{"@type":"PropertyValueSpecification","valueRequired":true,"valueName":"search_term_string"}}],"inLanguage":"en-US"}]}},"_links":{"self":[{"href":"https:\/\/www.villafreischuetz.org\/en\/wp-json\/wp\/v2\/pages\/403","targetHints":{"allow":["GET"]}}],"collection":[{"href":"https:\/\/www.villafreischuetz.org\/en\/wp-json\/wp\/v2\/pages"}],"about":[{"href":"https:\/\/www.villafreischuetz.org\/en\/wp-json\/wp\/v2\/types\/page"}],"author":[{"embeddable":true,"href":"https:\/\/www.villafreischuetz.org\/en\/wp-json\/wp\/v2\/users\/3"}],"replies":[{"embeddable":true,"href":"https:\/\/www.villafreischuetz.org\/en\/wp-json\/wp\/v2\/comments?post=403"}],"version-history":[{"count":10,"href":"https:\/\/www.villafreischuetz.org\/en\/wp-json\/wp\/v2\/pages\/403\/revisions"}],"predecessor-version":[{"id":22095,"href":"https:\/\/www.villafreischuetz.org\/en\/wp-json\/wp\/v2\/pages\/403\/revisions\/22095"}],"wp:attachment":[{"href":"https:\/\/www.villafreischuetz.org\/en\/wp-json\/wp\/v2\/media?parent=403"}],"curies":[{"name":"wp","href":"https:\/\/api.w.org\/{rel}","templated":true}]}}